{"id":9074,"date":"2022-04-19T12:12:23","date_gmt":"2022-04-19T10:12:23","guid":{"rendered":"https:\/\/feddet.dk\/praktisch\/ports-and-sways-on-the-clove\/"},"modified":"2025-08-19T14:24:58","modified_gmt":"2025-08-19T12:24:58","slug":"ports-and-sways-on-the-clove","status":"publish","type":"page","link":"https:\/\/feddet.dk\/de\/praktisch\/ports-and-sways-on-the-clove\/","title":{"rendered":"Hafen- und Schwankpl\u00e4tze in Feddet"},"content":{"rendered":"\t\t<div data-elementor-type=\"wp-page\" data-elementor-id=\"9074\" class=\"elementor elementor-9074 elementor-7289\" data-elementor-post-type=\"page\">\n\t\t\t\t\t\t<section class=\"elementor-section elementor-top-section elementor-element elementor-element-3558c48 elementor-section-stretched elementor-section-height-min-height elementor-section-boxed elementor-section-height-default elementor-section-items-middle\" data-id=\"3558c48\" data-element_type=\"section\" data-settings=\"{&quot;stretch_section&quot;:&quot;section-stretched&quot;,&quot;background_background&quot;:&quot;slideshow&quot;,&quot;background_motion_fx_mouseTrack_effect&quot;:&quot;yes&quot;,&quot;background_motion_fx_mouseTrack_direction&quot;:&quot;negative&quot;,&quot;background_motion_fx_mouseTrack_speed&quot;:{&quot;unit&quot;:&quot;px&quot;,&quot;size&quot;:0.200000000000000011102230246251565404236316680908203125,&quot;sizes&quot;:[]},&quot;shape_divider_bottom_negative&quot;:&quot;yes&quot;,&quot;background_slideshow_gallery&quot;:[{&quot;id&quot;:26770,&quot;url&quot;:&quot;https:\\\/\\\/feddet.dk\\\/wp-content\\\/uploads\\\/2024\\\/05\\\/havnen-aften-1.jpg&quot;},{&quot;id&quot;:26773,&quot;url&quot;:&quot;https:\\\/\\\/feddet.dk\\\/wp-content\\\/uploads\\\/2024\\\/05\\\/havnen-aften-2.jpg&quot;},{&quot;id&quot;:7296,&quot;url&quot;:&quot;https:\\\/\\\/feddet.dk\\\/wp-content\\\/uploads\\\/2022\\\/03\\\/havnen-2.jpg&quot;}],&quot;shape_divider_bottom&quot;:&quot;waves&quot;,&quot;background_slideshow_loop&quot;:&quot;yes&quot;,&quot;background_slideshow_slide_duration&quot;:5000,&quot;background_slideshow_slide_transition&quot;:&quot;fade&quot;,&quot;background_slideshow_transition_duration&quot;:500}\">\n\t\t\t\t\t\t\t<div class=\"elementor-background-overlay\"><\/div>\n\t\t\t\t\t\t<div class=\"elementor-shape elementor-shape-bottom\" aria-hidden=\"true\" data-negative=\"true\">\n\t\t\t<svg xmlns=\"http:\/\/www.w3.org\/2000\/svg\" viewBox=\"0 0 1000 100\" preserveAspectRatio=\"none\">\n\t<path class=\"elementor-shape-fill\" d=\"M790.5,93.1c-59.3-5.3-116.8-18-192.6-50c-29.6-12.7-76.9-31-100.5-35.9c-23.6-4.9-52.6-7.8-75.5-5.3\n\tc-10.2,1.1-22.6,1.4-50.1,7.4c-27.2,6.3-58.2,16.6-79.4,24.7c-41.3,15.9-94.9,21.9-134,22.6C72,58.2,0,25.8,0,25.8V100h1000V65.3\n\tc0,0-51.5,19.4-106.2,25.7C839.5,97,814.1,95.2,790.5,93.1z\"\/>\n<\/svg>\t\t<\/div>\n\t\t\t\t\t<div class=\"elementor-container elementor-column-gap-default\">\n\t\t\t\t\t<div class=\"elementor-column elementor-col-100 elementor-top-column elementor-element elementor-element-7715c24f\" data-id=\"7715c24f\" data-element_type=\"column\" data-settings=\"{&quot;background_background&quot;:&quot;classic&quot;}\">\n\t\t\t<div class=\"elementor-widget-wrap elementor-element-populated\">\n\t\t\t\t\t<div class=\"elementor-background-overlay\"><\/div>\n\t\t\t\t\t\t<div class=\"elementor-element elementor-element-7505802a elementor-widget elementor-widget-spacer\" data-id=\"7505802a\" data-element_type=\"widget\" data-widget_type=\"spacer.default\">\n\t\t\t\t<div class=\"elementor-widget-container\">\n\t\t\t\t\t\t\t<div class=\"elementor-spacer\">\n\t\t\t<div class=\"elementor-spacer-inner\"><\/div>\n\t\t<\/div>\n\t\t\t\t\t\t<\/div>\n\t\t\t\t<\/div>\n\t\t\t\t<div class=\"elementor-element elementor-element-7d792d2 elementor-widget elementor-widget-heading\" data-id=\"7d792d2\" data-element_type=\"widget\" data-widget_type=\"heading.default\">\n\t\t\t\t<div class=\"elementor-widget-container\">\n\t\t\t\t\t<h2 class=\"elementor-heading-title elementor-size-default\">Hafen- und Schwankpl\u00e4tze in Feddet<\/h2>\t\t\t\t<\/div>\n\t\t\t\t<\/div>\n\t\t\t\t\t<\/div>\n\t\t<\/div>\n\t\t\t\t\t<\/div>\n\t\t<\/section>\n\t\t\t\t<section class=\"elementor-section elementor-top-section elementor-element elementor-element-28f2b704 elementor-section-boxed elementor-section-height-default elementor-section-height-default\" data-id=\"28f2b704\" data-element_type=\"section\" id=\"content\" data-settings=\"{&quot;background_background&quot;:&quot;classic&quot;}\">\n\t\t\t\t\t\t\t<div class=\"elementor-background-overlay\"><\/div>\n\t\t\t\t\t\t\t<div class=\"elementor-container elementor-column-gap-default\">\n\t\t\t\t\t<div class=\"elementor-column elementor-col-100 elementor-top-column elementor-element elementor-element-2c6ca0a\" data-id=\"2c6ca0a\" data-element_type=\"column\" data-settings=\"{&quot;background_background&quot;:&quot;classic&quot;}\">\n\t\t\t<div class=\"elementor-widget-wrap elementor-element-populated\">\n\t\t\t\t\t<div class=\"elementor-background-overlay\"><\/div>\n\t\t\t\t\t\t<section class=\"elementor-section elementor-inner-section elementor-element elementor-element-45370890 elementor-section-boxed elementor-section-height-default elementor-section-height-default\" data-id=\"45370890\" data-element_type=\"section\" id=\"content\">\n\t\t\t\t\t\t<div class=\"elementor-container elementor-column-gap-default\">\n\t\t\t\t\t<div class=\"elementor-column elementor-col-100 elementor-inner-column elementor-element elementor-element-3b8a87c4\" data-id=\"3b8a87c4\" data-element_type=\"column\">\n\t\t\t<div class=\"elementor-widget-wrap elementor-element-populated\">\n\t\t\t\t\t\t<div class=\"elementor-element elementor-element-2950ebfc elementor-invisible elementor-widget elementor-widget-heading\" data-id=\"2950ebfc\" data-element_type=\"widget\" data-settings=\"{&quot;_animation&quot;:&quot;fadeIn&quot;}\" data-widget_type=\"heading.default\">\n\t\t\t\t<div class=\"elementor-widget-container\">\n\t\t\t\t\t<h1 class=\"elementor-heading-title elementor-size-default\">Fedhavnen \u2013 Ruhe &amp; Idylle<\/h1>\t\t\t\t<\/div>\n\t\t\t\t<\/div>\n\t\t\t\t<div class=\"elementor-element elementor-element-2d32b59 elementor-widget__width-initial elementor-widget elementor-widget-text-editor\" data-id=\"2d32b59\" data-element_type=\"widget\" data-widget_type=\"text-editor.default\">\n\t\t\t\t<div class=\"elementor-widget-container\">\n\t\t\t\t\t\t\t\t\t<p><span style=\"font-style: inherit; font-weight: inherit; color: var( --e-global-color-text ); font-family: var( --e-global-typography-text-font-family ), Sans-serif; background-color: var( --e-global-color-a5372e4 );\">Wenn Sie Ihr eigenes Boot haben und davon tr\u00e4umen, es mitten in der sch\u00f6nsten Natur Seelands festzumachen, ist Fedhavnen eine offensichtliche Option. Sie befinden sich nicht nur im malerischen und ruhigen Pr\u00e6st\u00f8 Fjord, sondern auch in unmittelbarer N\u00e4he des Hafens mit einer F\u00fclle von Einrichtungen, Aktivit\u00e4ten und Restaurants. Nur ca. 800 Meter vom Hafen entfernt liegt unser Resort mit vielen M\u00f6glichkeiten f\u00fcr Aktivit\u00e4ten. Aus diesem Grund ist ein Hafengel\u00e4nde auf Feddet sowohl bei Senioren als auch bei Familien \u00e4u\u00dferst beliebt. <\/span><\/p><p>Dock: 01. April 2025 &#8211; 01. April 2026: 3.195 DKK. <\/p><p>Liegeplatz pro Tag 95,- DKK. Der Preis ist exkl. Zugang zu den Einrichtungen des Resorts. Wenn Sie Zugang w\u00fcnschen, sehen Sie <a href=\"https:\/\/feddet.dk\/de\/ubernachtungen\/boot\/\">hier mehr .<\/a> <\/p><p>Liegeplatz: 1. April 2025 &#8211; 1. April 2026: 995,- DKK<\/p><p>Angel-\/Surfinglizenz pro Tag: Wird stundenweise berechnet, jedoch f\u00fcr maximal 4 Stunden. Aktuelle Preise finden Sie <a href=\"https:\/\/feddet.dk\/de\/praktisch\/parkplatz-und-kindertagesstaette-auf-der-fed\/\">hier.<\/a> <\/p><p><span style=\"font-style: inherit; font-weight: inherit; color: var( --e-global-color-text ); font-family: var( --e-global-typography-text-font-family ), Sans-serif; background-color: var( --e-global-color-a5372e4 );\">Angel-\/Surfkarte pro Jahr: 995,- DKK<\/span><\/p><p>Zahlung 60 Tage vor Anreise. Nach der Ankunft ist die Zahlung innerhalb von 14 Tagen nach der Buchung f\u00e4llig.<\/p><p><b>Praktische Informationen:<br><\/b><\/p><ul><li>Sie haben 24\/7 Zugang zu Ihrem Hafen\/Liegeplatz<\/li><li>Am Hafen gibt es keinen Stromanschluss<\/li><li>Wir empfehlen Boote bis zu einer maximalen L\u00e4nge von 22 Fu\u00df. (Wir empfehlen Ihnen jedoch, Ihren Liegeplatz vor dem Kauf auszuw\u00e4hlen, um sicherzustellen, dass Ihr Boot innerhalb der geltenden Markierungen untergebracht werden kann). <\/li><li>Die Tiefe im Hafen betr\u00e4gt 0,5-2 Meter, je nach Wetter- und Windbedingungen.<\/li><li>F\u00fcr Liegepl\u00e4tze m\u00fcssen Sie Ihren eigenen Ankerring mitbringen, wenn Sie Ihr Boot festmachen m\u00f6chten. Alternativ k\u00f6nnen Sie Ihr Boot bzw. Ihren Bootsanh\u00e4nger am Hafen parken. <\/li><li>Beim Kauf eines Segel- oder Hafenliegeplatzes m\u00fcssen Sie Ihr Nummernschild an der Rezeption registrieren lassen.<\/li><\/ul><p>Wenn Sie Fragen zu den M\u00f6glichkeiten haben und mehr erfahren m\u00f6chten, kontaktieren Sie uns bitte telefonisch unter +45 56 72 52 06 oder per E-Mail unter info@feddet.dk<\/p>\t\t\t\t\t\t\t\t<\/div>\n\t\t\t\t<\/div>\n\t\t\t\t<div class=\"elementor-element elementor-element-28834af elementor-widget elementor-widget-button\" data-id=\"28834af\" data-element_type=\"widget\" data-widget_type=\"button.default\">\n\t\t\t\t<div class=\"elementor-widget-container\">\n\t\t\t\t\t\t\t\t\t<div class=\"elementor-button-wrapper\">\n\t\t\t\t\t<a class=\"elementor-button elementor-button-link elementor-size-sm\" href=\"https:\/\/feddet.dk\/de\/praktisch\/uebersichtskarte-von-feddet\/\">\n\t\t\t\t\t\t<span class=\"elementor-button-content-wrapper\">\n\t\t\t\t\t\t\t\t\t<span class=\"elementor-button-text\">Sehen Sie die Karte von Feddet hier<\/span>\n\t\t\t\t\t<\/span>\n\t\t\t\t\t<\/a>\n\t\t\t\t<\/div>\n\t\t\t\t\t\t\t\t<\/div>\n\t\t\t\t<\/div>\n\t\t\t\t\t<\/div>\n\t\t<\/div>\n\t\t\t\t\t<\/div>\n\t\t<\/section>\n\t\t\t\t\t<\/div>\n\t\t<\/div>\n\t\t\t\t\t<\/div>\n\t\t<\/section>\n\t\t\t\t<section class=\"elementor-section elementor-top-section elementor-element elementor-element-6ce33fe2 elementor-section-boxed elementor-section-height-default elementor-section-height-default\" data-id=\"6ce33fe2\" data-element_type=\"section\" data-settings=\"{&quot;background_background&quot;:&quot;classic&quot;}\">\n\t\t\t\t\t\t<div class=\"elementor-container elementor-column-gap-default\">\n\t\t\t\t\t<div class=\"elementor-column elementor-col-50 elementor-top-column elementor-element elementor-element-790acaa8 elementor-hidden-mobile\" data-id=\"790acaa8\" data-element_type=\"column\">\n\t\t\t<div class=\"elementor-widget-wrap elementor-element-populated\">\n\t\t\t\t\t\t<div class=\"elementor-element elementor-element-6c22da43 elementor-invisible elementor-widget elementor-widget-image\" data-id=\"6c22da43\" data-element_type=\"widget\" data-settings=\"{&quot;_animation&quot;:&quot;zoomInLeft&quot;}\" data-widget_type=\"image.default\">\n\t\t\t\t<div class=\"elementor-widget-container\">\n\t\t\t\t\t\t\t\t\t\t\t\t\t\t\t<img decoding=\"async\" src=\"https:\/\/feddet.dk\/wp-content\/uploads\/elementor\/thumbs\/havnen-5-pmx1pwcwo64jhhrvvhdddizjrxyjca5klpsz2xzm3k.jpg\" title=\"havnen-5\" alt=\"Lille hyggelig havn med b\u00e5de\" loading=\"lazy\" \/>\t\t\t\t\t\t\t\t\t\t\t\t\t\t\t<\/div>\n\t\t\t\t<\/div>\n\t\t\t\t\t<\/div>\n\t\t<\/div>\n\t\t\t\t<div class=\"elementor-column elementor-col-50 elementor-top-column elementor-element elementor-element-630ba23a\" data-id=\"630ba23a\" data-element_type=\"column\">\n\t\t\t<div class=\"elementor-widget-wrap elementor-element-populated\">\n\t\t\t\t\t\t<div class=\"elementor-element elementor-element-7528fc3 elementor-invisible elementor-widget elementor-widget-image\" data-id=\"7528fc3\" data-element_type=\"widget\" data-settings=\"{&quot;_animation&quot;:&quot;zoomInRight&quot;}\" data-widget_type=\"image.default\">\n\t\t\t\t<div class=\"elementor-widget-container\">\n\t\t\t\t\t\t\t\t\t\t\t\t\t\t\t<img fetchpriority=\"high\" decoding=\"async\" width=\"1500\" height=\"1000\" src=\"https:\/\/feddet.dk\/wp-content\/uploads\/2024\/05\/havnen-aften-2.jpg\" class=\"attachment-full size-full wp-image-26775\" alt=\"\" srcset=\"https:\/\/feddet.dk\/wp-content\/uploads\/2024\/05\/havnen-aften-2.jpg 1500w, https:\/\/feddet.dk\/wp-content\/uploads\/2024\/05\/havnen-aften-2-300x200.jpg 300w, https:\/\/feddet.dk\/wp-content\/uploads\/2024\/05\/havnen-aften-2-1024x683.jpg 1024w, https:\/\/feddet.dk\/wp-content\/uploads\/2024\/05\/havnen-aften-2-768x512.jpg 768w\" sizes=\"(max-width: 1500px) 100vw, 1500px\" \/>\t\t\t\t\t\t\t\t\t\t\t\t\t\t\t<\/div>\n\t\t\t\t<\/div>\n\t\t\t\t\t<\/div>\n\t\t<\/div>\n\t\t\t\t\t<\/div>\n\t\t<\/section>\n\t\t\t\t<section class=\"elementor-section elementor-top-section elementor-element elementor-element-1766b7a7 elementor-section-boxed elementor-section-height-default elementor-section-height-default\" data-id=\"1766b7a7\" data-element_type=\"section\" data-settings=\"{&quot;background_background&quot;:&quot;classic&quot;,&quot;shape_divider_top&quot;:&quot;waves&quot;}\">\n\t\t\t\t\t<div class=\"elementor-shape elementor-shape-top\" aria-hidden=\"true\" data-negative=\"false\">\n\t\t\t<svg xmlns=\"http:\/\/www.w3.org\/2000\/svg\" viewBox=\"0 0 1000 100\" preserveAspectRatio=\"none\">\n\t<path class=\"elementor-shape-fill\" d=\"M421.9,6.5c22.6-2.5,51.5,0.4,75.5,5.3c23.6,4.9,70.9,23.5,100.5,35.7c75.8,32.2,133.7,44.5,192.6,49.7\n\tc23.6,2.1,48.7,3.5,103.4-2.5c54.7-6,106.2-25.6,106.2-25.6V0H0v30.3c0,0,72,32.6,158.4,30.5c39.2-0.7,92.8-6.7,134-22.4\n\tc21.2-8.1,52.2-18.2,79.7-24.2C399.3,7.9,411.6,7.5,421.9,6.5z\"\/>\n<\/svg>\t\t<\/div>\n\t\t\t\t\t<div class=\"elementor-container elementor-column-gap-default\">\n\t\t\t\t\t<div class=\"elementor-column elementor-col-100 elementor-top-column elementor-element elementor-element-52b5502d\" data-id=\"52b5502d\" data-element_type=\"column\">\n\t\t\t<div class=\"elementor-widget-wrap elementor-element-populated\">\n\t\t\t\t\t\t<div class=\"elementor-element elementor-element-a89d0b9 elementor-widget elementor-widget-spacer\" data-id=\"a89d0b9\" data-element_type=\"widget\" data-widget_type=\"spacer.default\">\n\t\t\t\t<div class=\"elementor-widget-container\">\n\t\t\t\t\t\t\t<div class=\"elementor-spacer\">\n\t\t\t<div class=\"elementor-spacer-inner\"><\/div>\n\t\t<\/div>\n\t\t\t\t\t\t<\/div>\n\t\t\t\t<\/div>\n\t\t\t\t\t<\/div>\n\t\t<\/div>\n\t\t\t\t\t<\/div>\n\t\t<\/section>\n\t\t\t\t<\/div>\n\t\t","protected":false},"excerpt":{"rendered":"<p>Hafen- und Schwankpl\u00e4tze in Feddet Fedhavnen \u2013 Ruhe &amp; Idylle Wenn Sie Ihr eigenes Boot haben und davon tr\u00e4umen, es mitten in der sch\u00f6nsten Natur Seelands festzumachen, ist Fedhavnen eine offensichtliche Option. Sie befinden sich nicht nur im malerischen und ruhigen Pr\u00e6st\u00f8 Fjord, sondern auch in unmittelbarer N\u00e4he des Hafens mit einer F\u00fclle von Einrichtungen, [&hellip;]<\/p>\n","protected":false},"author":1,"featured_media":26772,"parent":9054,"menu_order":0,"comment_status":"closed","ping_status":"closed","template":"","meta":{"_acf_changed":false,"inline_featured_image":false,"site-sidebar-layout":"no-sidebar","site-content-layout":"page-builder","ast-site-content-layout":"full-width-container","site-content-style":"unboxed","site-sidebar-style":"unboxed","ast-global-header-display":"","ast-banner-title-visibility":"","ast-main-header-display":"","ast-hfb-above-header-display":"","ast-hfb-below-header-display":"","ast-hfb-mobile-header-display":"","site-post-title":"disabled","ast-breadcrumbs-content":"","ast-featured-img":"disabled","footer-sml-layout":"","theme-transparent-header-meta":"default","adv-header-id-meta":"","stick-header-meta":"","header-above-stick-meta":"","header-main-stick-meta":"","header-below-stick-meta":"","astra-migrate-meta-layouts":"default","ast-page-background-enabled":"default","ast-page-background-meta":{"desktop":{"background-color":"var(--ast-global-color-4)","background-image":"","background-repeat":"repeat","background-position":"center center","background-size":"auto","background-attachment":"scroll","background-type":"","background-media":"","overlay-type":"","overlay-color":"","overlay-opacity":"","overlay-gradient":""},"tablet":{"background-color":"","background-image":"","background-repeat":"repeat","background-position":"center center","background-size":"auto","background-attachment":"scroll","background-type":"","background-media":"","overlay-type":"","overlay-color":"","overlay-opacity":"","overlay-gradient":""},"mobile":{"background-color":"","background-image":"","background-repeat":"repeat","background-position":"center center","background-size":"auto","background-attachment":"scroll","background-type":"","background-media":"","overlay-type":"","overlay-color":"","overlay-opacity":"","overlay-gradient":""}},"ast-content-background-meta":{"desktop":{"background-color":"var(--ast-global-color-5)","background-image":"","background-repeat":"repeat","background-position":"center center","background-size":"auto","background-attachment":"scroll","background-type":"","background-media":"","overlay-type":"","overlay-color":"","overlay-opacity":"","overlay-gradient":""},"tablet":{"background-color":"var(--ast-global-color-5)","background-image":"","background-repeat":"repeat","background-position":"center center","background-size":"auto","background-attachment":"scroll","background-type":"","background-media":"","overlay-type":"","overlay-color":"","overlay-opacity":"","overlay-gradient":""},"mobile":{"background-color":"var(--ast-global-color-5)","background-image":"","background-repeat":"repeat","background-position":"center center","background-size":"auto","background-attachment":"scroll","background-type":"","background-media":"","overlay-type":"","overlay-color":"","overlay-opacity":"","overlay-gradient":""}},"footnotes":""},"class_list":["post-9074","page","type-page","status-publish","has-post-thumbnail","hentry"],"acf":[],"_links":{"self":[{"href":"https:\/\/feddet.dk\/de\/wp-json\/wp\/v2\/pages\/9074","targetHints":{"allow":["GET"]}}],"collection":[{"href":"https:\/\/feddet.dk\/de\/wp-json\/wp\/v2\/pages"}],"about":[{"href":"https:\/\/feddet.dk\/de\/wp-json\/wp\/v2\/types\/page"}],"author":[{"embeddable":true,"href":"https:\/\/feddet.dk\/de\/wp-json\/wp\/v2\/users\/1"}],"replies":[{"embeddable":true,"href":"https:\/\/feddet.dk\/de\/wp-json\/wp\/v2\/comments?post=9074"}],"version-history":[{"count":4,"href":"https:\/\/feddet.dk\/de\/wp-json\/wp\/v2\/pages\/9074\/revisions"}],"predecessor-version":[{"id":35078,"href":"https:\/\/feddet.dk\/de\/wp-json\/wp\/v2\/pages\/9074\/revisions\/35078"}],"up":[{"embeddable":true,"href":"https:\/\/feddet.dk\/de\/wp-json\/wp\/v2\/pages\/9054"}],"wp:featuredmedia":[{"embeddable":true,"href":"https:\/\/feddet.dk\/de\/wp-json\/wp\/v2\/media\/26772"}],"wp:attachment":[{"href":"https:\/\/feddet.dk\/de\/wp-json\/wp\/v2\/media?parent=9074"}],"curies":[{"name":"wp","href":"https:\/\/api.w.org\/{rel}","templated":true}]}}