{"id":9032,"date":"2022-04-19T11:52:45","date_gmt":"2022-04-19T09:52:45","guid":{"rendered":"https:\/\/feddet.dk\/geben-sie-uns-ihre-bewertung\/"},"modified":"2023-05-08T13:05:23","modified_gmt":"2023-05-08T11:05:23","slug":"geben-sie-uns-ihre-bewertung","status":"publish","type":"page","link":"https:\/\/feddet.dk\/de\/geben-sie-uns-ihre-bewertung\/","title":{"rendered":"Senden Sie uns Ihre Bewertung"},"content":{"rendered":"\t\t<div data-elementor-type=\"wp-page\" data-elementor-id=\"9032\" class=\"elementor elementor-9032 elementor-8221\" data-elementor-post-type=\"page\">\n\t\t\t\t\t\t<section class=\"elementor-section elementor-top-section elementor-element elementor-element-3558c48 elementor-section-stretched elementor-section-height-min-height elementor-section-boxed elementor-section-height-default elementor-section-items-middle\" data-id=\"3558c48\" data-element_type=\"section\" data-settings=\"{&quot;stretch_section&quot;:&quot;section-stretched&quot;,&quot;background_background&quot;:&quot;slideshow&quot;,&quot;background_motion_fx_mouseTrack_effect&quot;:&quot;yes&quot;,&quot;background_motion_fx_mouseTrack_direction&quot;:&quot;negative&quot;,&quot;background_motion_fx_mouseTrack_speed&quot;:{&quot;unit&quot;:&quot;px&quot;,&quot;size&quot;:0.200000000000000011102230246251565404236316680908203125,&quot;sizes&quot;:[]},&quot;shape_divider_bottom_negative&quot;:&quot;yes&quot;,&quot;background_slideshow_gallery&quot;:[{&quot;id&quot;:3927,&quot;url&quot;:&quot;https:\\\/\\\/feddet.dk\\\/wp-content\\\/uploads\\\/2021\\\/11\\\/camping-egen-vogn-feddet-5.jpg&quot;},{&quot;id&quot;:4195,&quot;url&quot;:&quot;https:\\\/\\\/feddet.dk\\\/wp-content\\\/uploads\\\/2021\\\/12\\\/halvoeen-feddet-4.jpg&quot;},{&quot;id&quot;:6389,&quot;url&quot;:&quot;https:\\\/\\\/feddet.dk\\\/wp-content\\\/uploads\\\/2022\\\/03\\\/feddetvinter-3.jpg&quot;},{&quot;id&quot;:4207,&quot;url&quot;:&quot;https:\\\/\\\/feddet.dk\\\/wp-content\\\/uploads\\\/2021\\\/12\\\/halvoeen-feddet-7.jpg&quot;},{&quot;id&quot;:1880,&quot;url&quot;:&quot;https:\\\/\\\/feddet.dk\\\/wp-content\\\/uploads\\\/2021\\\/12\\\/strand-feddet-15.jpg&quot;}],&quot;background_slideshow_ken_burns&quot;:&quot;yes&quot;,&quot;shape_divider_bottom&quot;:&quot;waves&quot;,&quot;background_slideshow_loop&quot;:&quot;yes&quot;,&quot;background_slideshow_slide_duration&quot;:5000,&quot;background_slideshow_slide_transition&quot;:&quot;fade&quot;,&quot;background_slideshow_transition_duration&quot;:500,&quot;background_slideshow_ken_burns_zoom_direction&quot;:&quot;in&quot;}\">\n\t\t\t\t\t\t\t<div class=\"elementor-background-overlay\"><\/div>\n\t\t\t\t\t\t<div class=\"elementor-shape elementor-shape-bottom\" aria-hidden=\"true\" data-negative=\"true\">\n\t\t\t<svg xmlns=\"http:\/\/www.w3.org\/2000\/svg\" viewBox=\"0 0 1000 100\" preserveAspectRatio=\"none\">\n\t<path class=\"elementor-shape-fill\" d=\"M790.5,93.1c-59.3-5.3-116.8-18-192.6-50c-29.6-12.7-76.9-31-100.5-35.9c-23.6-4.9-52.6-7.8-75.5-5.3\n\tc-10.2,1.1-22.6,1.4-50.1,7.4c-27.2,6.3-58.2,16.6-79.4,24.7c-41.3,15.9-94.9,21.9-134,22.6C72,58.2,0,25.8,0,25.8V100h1000V65.3\n\tc0,0-51.5,19.4-106.2,25.7C839.5,97,814.1,95.2,790.5,93.1z\"\/>\n<\/svg>\t\t<\/div>\n\t\t\t\t\t<div class=\"elementor-container elementor-column-gap-default\">\n\t\t\t\t\t<div class=\"elementor-column elementor-col-100 elementor-top-column elementor-element elementor-element-7715c24f\" data-id=\"7715c24f\" data-element_type=\"column\" data-settings=\"{&quot;background_background&quot;:&quot;classic&quot;}\">\n\t\t\t<div class=\"elementor-widget-wrap elementor-element-populated\">\n\t\t\t\t\t<div class=\"elementor-background-overlay\"><\/div>\n\t\t\t\t\t\t<div class=\"elementor-element elementor-element-7505802a elementor-widget elementor-widget-spacer\" data-id=\"7505802a\" data-element_type=\"widget\" data-widget_type=\"spacer.default\">\n\t\t\t\t<div class=\"elementor-widget-container\">\n\t\t\t\t\t\t\t<div class=\"elementor-spacer\">\n\t\t\t<div class=\"elementor-spacer-inner\"><\/div>\n\t\t<\/div>\n\t\t\t\t\t\t<\/div>\n\t\t\t\t<\/div>\n\t\t\t\t<div class=\"elementor-element elementor-element-7d792d2 elementor-widget elementor-widget-heading\" data-id=\"7d792d2\" data-element_type=\"widget\" data-widget_type=\"heading.default\">\n\t\t\t\t<div class=\"elementor-widget-container\">\n\t\t\t\t\t<h2 class=\"elementor-heading-title elementor-size-default\">Senden Sie uns Ihre Bewertung<\/h2>\t\t\t\t<\/div>\n\t\t\t\t<\/div>\n\t\t\t\t\t<\/div>\n\t\t<\/div>\n\t\t\t\t\t<\/div>\n\t\t<\/section>\n\t\t\t\t<section class=\"elementor-section elementor-top-section elementor-element elementor-element-28f2b704 elementor-section-boxed elementor-section-height-default elementor-section-height-default\" data-id=\"28f2b704\" data-element_type=\"section\" id=\"content\" data-settings=\"{&quot;background_background&quot;:&quot;classic&quot;}\">\n\t\t\t\t\t\t\t<div class=\"elementor-background-overlay\"><\/div>\n\t\t\t\t\t\t\t<div class=\"elementor-container elementor-column-gap-default\">\n\t\t\t\t\t<div class=\"elementor-column elementor-col-100 elementor-top-column elementor-element elementor-element-2c6ca0a\" data-id=\"2c6ca0a\" data-element_type=\"column\" data-settings=\"{&quot;background_background&quot;:&quot;classic&quot;}\">\n\t\t\t<div class=\"elementor-widget-wrap elementor-element-populated\">\n\t\t\t\t\t<div class=\"elementor-background-overlay\"><\/div>\n\t\t\t\t\t\t<section class=\"elementor-section elementor-inner-section elementor-element elementor-element-45370890 elementor-section-boxed elementor-section-height-default elementor-section-height-default\" data-id=\"45370890\" data-element_type=\"section\" id=\"content\">\n\t\t\t\t\t\t<div class=\"elementor-container elementor-column-gap-default\">\n\t\t\t\t\t<div class=\"elementor-column elementor-col-100 elementor-inner-column elementor-element elementor-element-3b8a87c4\" data-id=\"3b8a87c4\" data-element_type=\"column\">\n\t\t\t<div class=\"elementor-widget-wrap elementor-element-populated\">\n\t\t\t\t\t\t<div class=\"elementor-element elementor-element-2950ebfc elementor-invisible elementor-widget elementor-widget-heading\" data-id=\"2950ebfc\" data-element_type=\"widget\" data-settings=\"{&quot;_animation&quot;:&quot;fadeIn&quot;}\" data-widget_type=\"heading.default\">\n\t\t\t\t<div class=\"elementor-widget-container\">\n\t\t\t\t\t<h1 class=\"elementor-heading-title elementor-size-default\">Waren Sie schon einmal bei Feddet?<\/h1>\t\t\t\t<\/div>\n\t\t\t\t<\/div>\n\t\t\t\t<div class=\"elementor-element elementor-element-2d32b59 elementor-widget__width-initial elementor-widget elementor-widget-text-editor\" data-id=\"2d32b59\" data-element_type=\"widget\" data-widget_type=\"text-editor.default\">\n\t\t\t\t<div class=\"elementor-widget-container\">\n\t\t\t\t\t\t\t\t\t<h2>Waren Sie schon einmal bei Feddet?<\/h2>\n<p>Dann w\u00fcrden wir (wie alle anderen) gerne von Ihrem Aufenthalt\ud83d\ude4f h\u00f6ren.<\/p>\n<p>Wir arbeiten st\u00e4ndig an der Weiterentwicklung des Resorts und freuen uns \u00fcber das Feedback unserer G\u00e4ste.<\/p>\n<p><a href=\"https:\/\/www.facebook.com\/feddetcampingdenmark\/reviews\/\" target=\"_blank\" rel=\"noopener\">Empfehlen Sie uns hier auf Facebook weiter<\/a><\/p><p><a href=\"https:\/\/www.tripadvisor.dk\/Hotel_Review-g19776182-d2647250-Reviews-Feddet_Strand_Resort-Store_Ellmue_Faxe_Municipality_South_Zealand_Zealand.html#REVIEWS\" target=\"_blank\" rel=\"noopener\" style=\"font-style: inherit; font-weight: inherit; font-family: var( --e-global-typography-text-font-family ), Sans-serif;\">\u00dcberpr\u00fcfen Sie uns hier auf Tripadvisor<\/a><\/p><p><a href=\"https:\/\/dk.trustpilot.com\/evaluate\/www.feddetcamping.dk\" target=\"_blank\" rel=\"noopener\">Melden Sie uns hier auf Trustpilot<\/a><\/p>\n<p><br><\/p>\t\t\t\t\t\t\t\t<\/div>\n\t\t\t\t<\/div>\n\t\t\t\t\t<\/div>\n\t\t<\/div>\n\t\t\t\t\t<\/div>\n\t\t<\/section>\n\t\t\t\t\t<\/div>\n\t\t<\/div>\n\t\t\t\t\t<\/div>\n\t\t<\/section>\n\t\t\t\t<section class=\"elementor-section elementor-top-section elementor-element elementor-element-7f8f09c3 elementor-section-boxed elementor-section-height-default elementor-section-height-default\" data-id=\"7f8f09c3\" data-element_type=\"section\" data-settings=\"{&quot;background_background&quot;:&quot;classic&quot;}\">\n\t\t\t\t\t\t<div class=\"elementor-container elementor-column-gap-default\">\n\t\t\t\t\t<div class=\"elementor-column elementor-col-50 elementor-top-column elementor-element elementor-element-577fcb00 elementor-hidden-mobile\" data-id=\"577fcb00\" data-element_type=\"column\">\n\t\t\t<div class=\"elementor-widget-wrap elementor-element-populated\">\n\t\t\t\t\t\t<div class=\"elementor-element elementor-element-e12a152 elementor-invisible elementor-widget elementor-widget-image\" data-id=\"e12a152\" data-element_type=\"widget\" data-settings=\"{&quot;_animation&quot;:&quot;zoomInLeft&quot;}\" data-widget_type=\"image.default\">\n\t\t\t\t<div class=\"elementor-widget-container\">\n\t\t\t\t\t\t\t\t\t\t\t\t\t\t\t<img decoding=\"async\" src=\"https:\/\/feddet.dk\/wp-content\/uploads\/elementor\/thumbs\/stemning_11487_Feddet2021-q6ao4ma1avpxjm2khfnmtufd043ukkkcfl9nme76hs.jpg\" title=\"stemning_11487_Feddet2021\" alt=\"We love Feddet\" loading=\"lazy\" \/>\t\t\t\t\t\t\t\t\t\t\t\t\t\t\t<\/div>\n\t\t\t\t<\/div>\n\t\t\t\t\t<\/div>\n\t\t<\/div>\n\t\t\t\t<div class=\"elementor-column elementor-col-50 elementor-top-column elementor-element elementor-element-375e3165\" data-id=\"375e3165\" data-element_type=\"column\">\n\t\t\t<div class=\"elementor-widget-wrap elementor-element-populated\">\n\t\t\t\t\t\t<div class=\"elementor-element elementor-element-7646fef elementor-pagination-position-inside elementor-arrows-position-inside elementor-invisible elementor-widget elementor-widget-image-carousel\" data-id=\"7646fef\" data-element_type=\"widget\" data-settings=\"{&quot;slides_to_show&quot;:&quot;1&quot;,&quot;_animation&quot;:&quot;zoomInRight&quot;,&quot;lazyload&quot;:&quot;yes&quot;,&quot;navigation&quot;:&quot;both&quot;,&quot;autoplay&quot;:&quot;yes&quot;,&quot;pause_on_hover&quot;:&quot;yes&quot;,&quot;pause_on_interaction&quot;:&quot;yes&quot;,&quot;autoplay_speed&quot;:5000,&quot;infinite&quot;:&quot;yes&quot;,&quot;effect&quot;:&quot;slide&quot;,&quot;speed&quot;:500}\" data-widget_type=\"image-carousel.default\">\n\t\t\t\t<div class=\"elementor-widget-container\">\n\t\t\t\t\t\t\t<div class=\"elementor-image-carousel-wrapper swiper\" role=\"region\" aria-roledescription=\"carousel\" aria-label=\"Bild Karussell\" dir=\"ltr\">\n\t\t\t<div class=\"elementor-image-carousel swiper-wrapper swiper-image-stretch\" aria-live=\"off\">\n\t\t\t\t\t\t\t\t<div class=\"swiper-slide\" role=\"group\" aria-roledescription=\"slide\" aria-label=\"1 von 4\"><a data-elementor-open-lightbox=\"yes\" data-elementor-lightbox-slideshow=\"7646fef\" data-e-action-hash=\"#elementor-action%3Aaction%3Dlightbox%26settings%3DeyJpZCI6MTgzLCJ1cmwiOiJodHRwczpcL1wvZmVkZGV0LmRrXC93cC1jb250ZW50XC91cGxvYWRzXC8yMDIxXC8xMVwvREpJXzAyMjYuanBnIiwic2xpZGVzaG93IjoiNzY0NmZlZiJ9\" href=\"https:\/\/feddet.dk\/wp-content\/uploads\/2021\/11\/DJI_0226.jpg\"><figure class=\"swiper-slide-inner\"><img class=\"swiper-slide-image swiper-lazy\" data-src=\"https:\/\/feddet.dk\/wp-content\/uploads\/elementor\/thumbs\/DJI_0226-pwkxnpj2osmzg43mvp4397yrt86ixonk81syhcpqp0.jpg\" alt=\"Dronefoto over Feddet Strand Resort\" \/><div class=\"swiper-lazy-preloader\"><\/div><\/figure><\/a><\/div><div class=\"swiper-slide\" role=\"group\" aria-roledescription=\"slide\" aria-label=\"2 von 4\"><a data-elementor-open-lightbox=\"yes\" data-elementor-lightbox-slideshow=\"7646fef\" data-e-action-hash=\"#elementor-action%3Aaction%3Dlightbox%26settings%3DeyJpZCI6MjEzLCJ1cmwiOiJodHRwczpcL1wvZmVkZGV0LmRrXC93cC1jb250ZW50XC91cGxvYWRzXC8yMDIxXC8xMVwvZHJvbmVfMTc2N19GZWRkZXQyMDIxLXNjYWxlZC0xLmpwZyIsInNsaWRlc2hvdyI6Ijc2NDZmZWYifQ%3D%3D\" href=\"https:\/\/feddet.dk\/wp-content\/uploads\/2021\/11\/drone_1767_Feddet2021-scaled-1.jpg\"><figure class=\"swiper-slide-inner\"><img class=\"swiper-slide-image swiper-lazy\" data-src=\"https:\/\/feddet.dk\/wp-content\/uploads\/elementor\/thumbs\/drone_1767_Feddet2021-scaled-1-pmxjvcrx5zcascurgnqt3qbrlrurz4p0zl4ik14nz8.jpg\" alt=\"Morgendis over Feddet\" \/><div class=\"swiper-lazy-preloader\"><\/div><\/figure><\/a><\/div><div class=\"swiper-slide\" role=\"group\" aria-roledescription=\"slide\" aria-label=\"3 von 4\"><a data-elementor-open-lightbox=\"yes\" data-elementor-lightbox-slideshow=\"7646fef\" data-e-action-hash=\"#elementor-action%3Aaction%3Dlightbox%26settings%3DeyJpZCI6MjI4LCJ1cmwiOiJodHRwczpcL1wvZmVkZGV0LmRrXC93cC1jb250ZW50XC91cGxvYWRzXC8yMDIxXC8xMVwvZm9yc2lkZS12b2tzbmUuanBnIiwic2xpZGVzaG93IjoiNzY0NmZlZiJ9\" href=\"https:\/\/feddet.dk\/wp-content\/uploads\/2021\/11\/forside-voksne.jpg\"><figure class=\"swiper-slide-inner\"><img class=\"swiper-slide-image swiper-lazy\" data-src=\"https:\/\/feddet.dk\/wp-content\/uploads\/elementor\/thumbs\/forside-voksne-pff5fiecffm47wa30lxdti6rsv8mapt1nehhjfs1us.jpg\" alt=\"Aftenhygge p\u00e5 Feddet Strand Resort\" \/><div class=\"swiper-lazy-preloader\"><\/div><\/figure><\/a><\/div><div class=\"swiper-slide\" role=\"group\" aria-roledescription=\"slide\" aria-label=\"4 von 4\"><a data-elementor-open-lightbox=\"yes\" data-elementor-lightbox-slideshow=\"7646fef\" data-e-action-hash=\"#elementor-action%3Aaction%3Dlightbox%26settings%3DeyJpZCI6MTU5LCJ1cmwiOiJodHRwczpcL1wvZmVkZGV0LmRrXC93cC1jb250ZW50XC91cGxvYWRzXC8yMDIxXC8xMVwvbmF0dXJfMTA0MjJfRmVkZGV0MjAyMS5qcGciLCJzbGlkZXNob3ciOiI3NjQ2ZmVmIn0%3D\" href=\"https:\/\/feddet.dk\/wp-content\/uploads\/2021\/11\/natur_10422_Feddet2021.jpg\"><figure class=\"swiper-slide-inner\"><img class=\"swiper-slide-image swiper-lazy\" data-src=\"https:\/\/feddet.dk\/wp-content\/uploads\/elementor\/thumbs\/natur_10422_Feddet2021-pmxk1md6q7x46rr2vd99q5ee68yvahklulp1qfu6hw.jpg\" alt=\"Solnedgang p\u00e5 Feddet\" \/><div class=\"swiper-lazy-preloader\"><\/div><\/figure><\/a><\/div>\t\t\t<\/div>\n\t\t\t\t\t\t\t\t\t\t\t\t<div class=\"elementor-swiper-button elementor-swiper-button-prev\" role=\"button\" tabindex=\"0\">\n\t\t\t\t\t\t<svg aria-hidden=\"true\" class=\"e-font-icon-svg e-eicon-chevron-left\" viewBox=\"0 0 1000 1000\" xmlns=\"http:\/\/www.w3.org\/2000\/svg\"><path d=\"M646 125C629 125 613 133 604 142L308 442C296 454 292 471 292 487 292 504 296 521 308 533L604 854C617 867 629 875 646 875 663 875 679 871 692 858 704 846 713 829 713 812 713 796 708 779 692 767L438 487 692 225C700 217 708 204 708 187 708 171 704 154 692 142 675 129 663 125 646 125Z\"><\/path><\/svg>\t\t\t\t\t<\/div>\n\t\t\t\t\t<div class=\"elementor-swiper-button elementor-swiper-button-next\" role=\"button\" tabindex=\"0\">\n\t\t\t\t\t\t<svg aria-hidden=\"true\" class=\"e-font-icon-svg e-eicon-chevron-right\" viewBox=\"0 0 1000 1000\" xmlns=\"http:\/\/www.w3.org\/2000\/svg\"><path d=\"M696 533C708 521 713 504 713 487 713 471 708 454 696 446L400 146C388 133 375 125 354 125 338 125 325 129 313 142 300 154 292 171 292 187 292 204 296 221 308 233L563 492 304 771C292 783 288 800 288 817 288 833 296 850 308 863 321 871 338 875 354 875 371 875 388 867 400 854L696 533Z\"><\/path><\/svg>\t\t\t\t\t<\/div>\n\t\t\t\t\n\t\t\t\t\t\t\t\t\t<div class=\"swiper-pagination\"><\/div>\n\t\t\t\t\t\t\t\t\t<\/div>\n\t\t\t\t\t\t<\/div>\n\t\t\t\t<\/div>\n\t\t\t\t\t<\/div>\n\t\t<\/div>\n\t\t\t\t\t<\/div>\n\t\t<\/section>\n\t\t\t\t<section class=\"elementor-section elementor-top-section elementor-element elementor-element-599d99bc elementor-section-boxed elementor-section-height-default elementor-section-height-default\" data-id=\"599d99bc\" data-element_type=\"section\" data-settings=\"{&quot;background_background&quot;:&quot;classic&quot;,&quot;background_motion_fx_motion_fx_scrolling&quot;:&quot;yes&quot;,&quot;background_motion_fx_translateY_effect&quot;:&quot;yes&quot;,&quot;background_motion_fx_translateY_direction&quot;:&quot;negative&quot;,&quot;background_motion_fx_translateY_speed&quot;:{&quot;unit&quot;:&quot;px&quot;,&quot;size&quot;:7.4000000000000003552713678800500929355621337890625,&quot;sizes&quot;:[]},&quot;background_motion_fx_translateY_affectedRange&quot;:{&quot;unit&quot;:&quot;%&quot;,&quot;size&quot;:&quot;&quot;,&quot;sizes&quot;:{&quot;start&quot;:13,&quot;end&quot;:79}},&quot;shape_divider_top&quot;:&quot;waves&quot;,&quot;shape_divider_bottom&quot;:&quot;waves&quot;,&quot;background_motion_fx_devices&quot;:[&quot;desktop&quot;,&quot;tablet&quot;,&quot;mobile&quot;]}\">\n\t\t\t\t\t\t\t<div class=\"elementor-background-overlay\"><\/div>\n\t\t\t\t\t\t<div class=\"elementor-shape elementor-shape-top\" aria-hidden=\"true\" data-negative=\"false\">\n\t\t\t<svg xmlns=\"http:\/\/www.w3.org\/2000\/svg\" viewBox=\"0 0 1000 100\" preserveAspectRatio=\"none\">\n\t<path class=\"elementor-shape-fill\" d=\"M421.9,6.5c22.6-2.5,51.5,0.4,75.5,5.3c23.6,4.9,70.9,23.5,100.5,35.7c75.8,32.2,133.7,44.5,192.6,49.7\n\tc23.6,2.1,48.7,3.5,103.4-2.5c54.7-6,106.2-25.6,106.2-25.6V0H0v30.3c0,0,72,32.6,158.4,30.5c39.2-0.7,92.8-6.7,134-22.4\n\tc21.2-8.1,52.2-18.2,79.7-24.2C399.3,7.9,411.6,7.5,421.9,6.5z\"\/>\n<\/svg>\t\t<\/div>\n\t\t\t\t<div class=\"elementor-shape elementor-shape-bottom\" aria-hidden=\"true\" data-negative=\"false\">\n\t\t\t<svg xmlns=\"http:\/\/www.w3.org\/2000\/svg\" viewBox=\"0 0 1000 100\" preserveAspectRatio=\"none\">\n\t<path class=\"elementor-shape-fill\" d=\"M421.9,6.5c22.6-2.5,51.5,0.4,75.5,5.3c23.6,4.9,70.9,23.5,100.5,35.7c75.8,32.2,133.7,44.5,192.6,49.7\n\tc23.6,2.1,48.7,3.5,103.4-2.5c54.7-6,106.2-25.6,106.2-25.6V0H0v30.3c0,0,72,32.6,158.4,30.5c39.2-0.7,92.8-6.7,134-22.4\n\tc21.2-8.1,52.2-18.2,79.7-24.2C399.3,7.9,411.6,7.5,421.9,6.5z\"\/>\n<\/svg>\t\t<\/div>\n\t\t\t\t\t<div class=\"elementor-container elementor-column-gap-default\">\n\t\t\t\t\t<div class=\"elementor-column elementor-col-100 elementor-top-column elementor-element elementor-element-1636cf2\" data-id=\"1636cf2\" data-element_type=\"column\" data-settings=\"{&quot;background_background&quot;:&quot;classic&quot;}\">\n\t\t\t<div class=\"elementor-widget-wrap elementor-element-populated\">\n\t\t\t\t\t<div class=\"elementor-background-overlay\"><\/div>\n\t\t\t\t\t\t<div class=\"elementor-element elementor-element-56945481 elementor-invisible elementor-widget elementor-widget-heading\" data-id=\"56945481\" data-element_type=\"widget\" data-settings=\"{&quot;_animation&quot;:&quot;fadeInUp&quot;}\" data-widget_type=\"heading.default\">\n\t\t\t\t<div class=\"elementor-widget-container\">\n\t\t\t\t\t<h2 class=\"elementor-heading-title elementor-size-default\">Unsere Mission<\/h2>\t\t\t\t<\/div>\n\t\t\t\t<\/div>\n\t\t\t\t<div class=\"elementor-element elementor-element-1c03db60 elementor-widget-divider--view-line elementor-widget elementor-widget-divider\" data-id=\"1c03db60\" data-element_type=\"widget\" data-widget_type=\"divider.default\">\n\t\t\t\t<div class=\"elementor-widget-container\">\n\t\t\t\t\t\t\t<div class=\"elementor-divider\">\n\t\t\t<span class=\"elementor-divider-separator\">\n\t\t\t\t\t\t<\/span>\n\t\t<\/div>\n\t\t\t\t\t\t<\/div>\n\t\t\t\t<\/div>\n\t\t\t\t<div class=\"elementor-element elementor-element-42c146c8 elementor-invisible elementor-widget elementor-widget-text-editor\" data-id=\"42c146c8\" data-element_type=\"widget\" data-settings=\"{&quot;_animation&quot;:&quot;zoomInLeft&quot;}\" data-widget_type=\"text-editor.default\">\n\t\t\t\t<div class=\"elementor-widget-container\">\n\t\t\t\t\t\t\t\t\t<p class=\"p1\">Im Feddet Strand Resort bieten wir luxuri\u00f6se und komfortable Urlaubserlebnisse in der N\u00e4he der Natur. Ob Sie in einer unserer H\u00fctten oder Ferienh\u00e4user wohnen, ob Sie mit Ihrem eigenen Wohnwagen oder Zelt kommen<span class=\"Apple-converted-space\">  <\/span>Oder vielleicht ein Meeting oder eine Konferenz mit uns abhalten &#8211; Sie werden feststellen, dass die Natur in der N\u00e4he ist.<\/p>\n<p class=\"p1\">Wir selbst lieben die Natur, die uns von allen Seiten umgibt, wir glauben, dass wir Menschen Pausen, Gemeinschaft, viel frische Luft und neue Erfahrungen brauchen, um in einem oft zu hektischen Alltag in Balance zu sein. Hier spielt das Naturerlebnis eine gro\u00dfe Rolle. An der frischen Luft k\u00f6nnen wir entschleunigen, uns n\u00e4her kommen und unsere &#8220;Batterien wieder aufladen&#8221;.<\/p>\n<p class=\"p1\">Sie werden feststellen, dass die Gegend um das Feddet Strand Resort das ganze Jahr \u00fcber wunderbare Erlebnisse bietet. Je nach Jahreszeit kann der Himmel mit G\u00e4nsen und Kranichen gef\u00fcllt sein, die auf ihrem Weg nach Norden oder S\u00fcden laut miteinander &#8220;sprechen&#8221;. Vielleicht sehen Sie den Seeadler \u00fcber den Salzwiesen schweben<span class=\"Apple-converted-space\">  <\/span>&#8211; oder treffen Sie unsere ruhigen freilaufenden K\u00fche und Pferde, die sich um die Heide k\u00fcmmern und daf\u00fcr sorgen, dass seltene Pflanzen, Bienen und Schmetterlinge die besten Bedingungen haben, um zu \u00fcberleben und sich zu entwickeln.<\/p>\n<p class=\"p3\"><b>Klima und Umwelt<\/b><\/p>\n<p class=\"p1\">Unser Ziel im Feddet Strand Resort ist es, vielen G\u00e4sten das ganze Jahr \u00fcber Luxus und hohen Komfort zu bieten. Unser Energie- und Ressourcenverbrauch ist daher hoch und steigt mit der Verl\u00e4ngerung der d\u00e4nischen Tourismussaison. Aber wir sind stolz darauf, dass rund 95 % unseres Energieverbrauchs aus klimaneutralen Energiequellen wie Biomasse, Sonne und Wind stammen. Dar\u00fcber hinaus arbeiten wir daran, die biologische Vielfalt bei Feddet zu f\u00f6rdern, unseren Abfall zu reduzieren und die Lebensmittelabf\u00e4lle in unseren Gesch\u00e4ften und Restaurants zu bek\u00e4mpfen.<\/p>\n<p class=\"p1\">Sie k\u00f6nnen hier mehr \u00fcber <span style=\"color: #ffffff;\"><a style=\"color: #ffffff;\" href=\"https:\/\/feddet.dk\/de\/klima\/\">diese Arbeit<\/a> lesen<\/p>\n<p><\/span><\/p>\n<p class=\"p1\">Sie k\u00f6nnen uns helfen, die Umwelt zu schonen, indem Sie Wasser, Licht und W\u00e4rme sparen &#8211; und indem Sie uns helfen, Ihre Abf\u00e4lle richtig zu sortieren, wenn Sie sie in unserem Abfall- und Recyclingzentrum abgeben.<\/p>\n\t\t\t\t\t\t\t\t<\/div>\n\t\t\t\t<\/div>\n\t\t\t\t\t<\/div>\n\t\t<\/div>\n\t\t\t\t\t<\/div>\n\t\t<\/section>\n\t\t\t\t<\/div>\n\t\t","protected":false},"excerpt":{"rendered":"<p>Senden Sie uns Ihre Bewertung Waren Sie schon einmal bei Feddet? Waren Sie schon einmal bei Feddet? Dann w\u00fcrden wir (wie alle anderen) gerne von Ihrem Aufenthalt\ud83d\ude4f h\u00f6ren. Wir arbeiten st\u00e4ndig an der Weiterentwicklung des Resorts und freuen uns \u00fcber das Feedback unserer G\u00e4ste. Empfehlen Sie uns hier auf Facebook weiter \u00dcberpr\u00fcfen Sie uns hier [&hellip;]<\/p>\n","protected":false},"author":1,"featured_media":174,"parent":0,"menu_order":0,"comment_status":"closed","ping_status":"closed","template":"","meta":{"_acf_changed":false,"inline_featured_image":false,"site-sidebar-layout":"no-sidebar","site-content-layout":"page-builder","ast-site-content-layout":"","site-content-style":"default","site-sidebar-style":"default","ast-global-header-display":"","ast-banner-title-visibility":"","ast-main-header-display":"","ast-hfb-above-header-display":"","ast-hfb-below-header-display":"","ast-hfb-mobile-header-display":"","site-post-title":"disabled","ast-breadcrumbs-content":"","ast-featured-img":"disabled","footer-sml-layout":"","theme-transparent-header-meta":"default","adv-header-id-meta":"","stick-header-meta":"","header-above-stick-meta":"","header-main-stick-meta":"","header-below-stick-meta":"","astra-migrate-meta-layouts":"default","ast-page-background-enabled":"default","ast-page-background-meta":{"desktop":{"background-color":"var(--ast-global-color-4)","background-image":"","background-repeat":"repeat","background-position":"center center","background-size":"auto","background-attachment":"scroll","background-type":"","background-media":"","overlay-type":"","overlay-color":"","overlay-opacity":"","overlay-gradient":""},"tablet":{"background-color":"","background-image":"","background-repeat":"repeat","background-position":"center center","background-size":"auto","background-attachment":"scroll","background-type":"","background-media":"","overlay-type":"","overlay-color":"","overlay-opacity":"","overlay-gradient":""},"mobile":{"background-color":"","background-image":"","background-repeat":"repeat","background-position":"center center","background-size":"auto","background-attachment":"scroll","background-type":"","background-media":"","overlay-type":"","overlay-color":"","overlay-opacity":"","overlay-gradient":""}},"ast-content-background-meta":{"desktop":{"background-color":"var(--ast-global-color-5)","background-image":"","background-repeat":"repeat","background-position":"center center","background-size":"auto","background-attachment":"scroll","background-type":"","background-media":"","overlay-type":"","overlay-color":"","overlay-opacity":"","overlay-gradient":""},"tablet":{"background-color":"var(--ast-global-color-5)","background-image":"","background-repeat":"repeat","background-position":"center center","background-size":"auto","background-attachment":"scroll","background-type":"","background-media":"","overlay-type":"","overlay-color":"","overlay-opacity":"","overlay-gradient":""},"mobile":{"background-color":"var(--ast-global-color-5)","background-image":"","background-repeat":"repeat","background-position":"center center","background-size":"auto","background-attachment":"scroll","background-type":"","background-media":"","overlay-type":"","overlay-color":"","overlay-opacity":"","overlay-gradient":""}},"footnotes":""},"class_list":["post-9032","page","type-page","status-publish","has-post-thumbnail","hentry"],"acf":[],"_links":{"self":[{"href":"https:\/\/feddet.dk\/de\/wp-json\/wp\/v2\/pages\/9032","targetHints":{"allow":["GET"]}}],"collection":[{"href":"https:\/\/feddet.dk\/de\/wp-json\/wp\/v2\/pages"}],"about":[{"href":"https:\/\/feddet.dk\/de\/wp-json\/wp\/v2\/types\/page"}],"author":[{"embeddable":true,"href":"https:\/\/feddet.dk\/de\/wp-json\/wp\/v2\/users\/1"}],"replies":[{"embeddable":true,"href":"https:\/\/feddet.dk\/de\/wp-json\/wp\/v2\/comments?post=9032"}],"version-history":[{"count":0,"href":"https:\/\/feddet.dk\/de\/wp-json\/wp\/v2\/pages\/9032\/revisions"}],"wp:featuredmedia":[{"embeddable":true,"href":"https:\/\/feddet.dk\/de\/wp-json\/wp\/v2\/media\/174"}],"wp:attachment":[{"href":"https:\/\/feddet.dk\/de\/wp-json\/wp\/v2\/media?parent=9032"}],"curies":[{"name":"wp","href":"https:\/\/api.w.org\/{rel}","templated":true}]}}